{"id":179,"date":"2025-05-30T13:12:59","date_gmt":"2025-05-30T11:12:59","guid":{"rendered":"https:\/\/uhu.epss.hu\/?page_id=179"},"modified":"2025-07-01T17:01:22","modified_gmt":"2025-07-01T15:01:22","slug":"project-partners","status":"publish","type":"page","link":"https:\/\/uhu.epss.hu\/en\/project-partners\/","title":{"rendered":"Project partners"},"content":{"rendered":"<div class=\"wp-block-image\">\n<figure class=\"aligncenter size-large is-resized\"><img loading=\"lazy\" decoding=\"async\" width=\"1024\" height=\"1024\" src=\"https:\/\/uhu.epss.hu\/wp-content\/uploads\/2025\/06\/UHU_Mission_Patch_6cm-1024x1024.png\" alt=\"\" class=\"wp-image-411\" style=\"width:304px;height:auto\" srcset=\"https:\/\/uhu.epss.hu\/wp-content\/uploads\/2025\/06\/UHU_Mission_Patch_6cm-1024x1024.png 1024w, https:\/\/uhu.epss.hu\/wp-content\/uploads\/2025\/06\/UHU_Mission_Patch_6cm-300x300.png 300w, https:\/\/uhu.epss.hu\/wp-content\/uploads\/2025\/06\/UHU_Mission_Patch_6cm-150x150.png 150w, https:\/\/uhu.epss.hu\/wp-content\/uploads\/2025\/06\/UHU_Mission_Patch_6cm-768x768.png 768w, https:\/\/uhu.epss.hu\/wp-content\/uploads\/2025\/06\/UHU_Mission_Patch_6cm.png 1422w\" sizes=\"auto, (max-width: 1024px) 100vw, 1024px\" \/><\/figure><\/div>\n\n\n<style type=\"text\/css\">.page-title { display: none; } .page-title.moved { display: block !important; }<\/style>\n<h1 class=\"page-title moved\" style=\"margin-top: 15px;\">Project partners<\/h1>\n\n\n\n<hr class=\"wp-block-separator has-alpha-channel-opacity\"\/>\n\n\n\n<h2 class=\"wp-block-heading\" id=\"distinguished-partners\">Distinguished partners<\/h2>\n\n\n\n<p class=\"has-text-align-center\"><a href=\"https:\/\/hunor.gov.hu\/\" target=\"_blank\" rel=\"noreferrer noopener\">HUNOR \u2013 the Hungarian Astronaut Program<\/a><\/p>\n\n\n<div class=\"wp-block-image\">\n<figure class=\"aligncenter size-full is-resized\"><img loading=\"lazy\" decoding=\"async\" width=\"613\" height=\"322\" src=\"https:\/\/uhu.epss.hu\/wp-content\/uploads\/2025\/06\/Hunor_logo_BLUE1.png\" alt=\"\" class=\"wp-image-701\" style=\"width:352px;height:auto\" srcset=\"https:\/\/uhu.epss.hu\/wp-content\/uploads\/2025\/06\/Hunor_logo_BLUE1.png 613w, https:\/\/uhu.epss.hu\/wp-content\/uploads\/2025\/06\/Hunor_logo_BLUE1-300x158.png 300w\" sizes=\"auto, (max-width: 613px) 100vw, 613px\" \/><\/figure><\/div>\n\n\n<p class=\"has-text-align-center\">The UHU project is implemented within the framework of the HUNOR programme.<\/p>\n\n\n\n<hr class=\"wp-block-separator has-alpha-channel-opacity\"\/>\n\n\n\n<p class=\"has-text-align-center\"><a href=\"https:\/\/www.runi.ac.il\/en\/\" target=\"_blank\" rel=\"noreferrer noopener\">Reichman University, Israel<\/a><\/p>\n\n\n<div class=\"wp-block-image\">\n<figure class=\"aligncenter size-full is-resized\"><img loading=\"lazy\" decoding=\"async\" width=\"614\" height=\"370\" src=\"https:\/\/uhu.epss.hu\/wp-content\/uploads\/2025\/06\/Reichman_University_Logo_EN_Blue_RGB.png\" alt=\"\" class=\"wp-image-414\" style=\"width:222px;height:auto\" srcset=\"https:\/\/uhu.epss.hu\/wp-content\/uploads\/2025\/06\/Reichman_University_Logo_EN_Blue_RGB.png 614w, https:\/\/uhu.epss.hu\/wp-content\/uploads\/2025\/06\/Reichman_University_Logo_EN_Blue_RGB-300x181.png 300w\" sizes=\"auto, (max-width: 614px) 100vw, 614px\" \/><\/figure><\/div>\n\n\n<hr class=\"wp-block-separator has-alpha-channel-opacity\"\/>\n\n\n\n<p class=\"has-text-align-center\"><a href=\"https:\/\/www.rakiamission.com\/home-en\" target=\"_blank\" rel=\"noreferrer noopener\">Rakia mission, Israel<\/a><\/p>\n\n\n<div class=\"wp-block-image\">\n<figure class=\"aligncenter size-large is-resized\"><img loading=\"lazy\" decoding=\"async\" width=\"1024\" height=\"1024\" src=\"https:\/\/uhu.epss.hu\/wp-content\/uploads\/2025\/06\/RAKIA-PATCH-Final-1024x1024.png\" alt=\"\" class=\"wp-image-649\" style=\"width:218px;height:auto\" srcset=\"https:\/\/uhu.epss.hu\/wp-content\/uploads\/2025\/06\/RAKIA-PATCH-Final-1024x1024.png 1024w, https:\/\/uhu.epss.hu\/wp-content\/uploads\/2025\/06\/RAKIA-PATCH-Final-300x300.png 300w, https:\/\/uhu.epss.hu\/wp-content\/uploads\/2025\/06\/RAKIA-PATCH-Final-150x150.png 150w, https:\/\/uhu.epss.hu\/wp-content\/uploads\/2025\/06\/RAKIA-PATCH-Final-768x768.png 768w, https:\/\/uhu.epss.hu\/wp-content\/uploads\/2025\/06\/RAKIA-PATCH-Final-1536x1536.png 1536w, https:\/\/uhu.epss.hu\/wp-content\/uploads\/2025\/06\/RAKIA-PATCH-Final.png 1920w\" sizes=\"auto, (max-width: 1024px) 100vw, 1024px\" \/><\/figure><\/div>\n\n\n<hr class=\"wp-block-separator has-alpha-channel-opacity\"\/>\n\n\n\n<h2 class=\"wp-block-heading\" id=\"individual-contributors\">Individual contributors<\/h2>\n\n\n\n<p>Lang \u00c1gota, T\u00fccs\u00f6k Dorottya, Szab\u00f3 Csongor, Junaid Atta<\/p>\n\n\n\n<p>Valter Binotto, Christos Doudoulakis, Nicolas Escurat, Petr Hor\u00e1lek, Jacci Ingham, Nature by JJ, Frankie Lucena, George Paraskevaides, Daniel Scerba, Paul Smith, Oscar van der Velde, Danny Welgama<\/p>\n\n\n\n<p>The contribution of all active members of the group \u2018International Observers of Upper-Atmospheric Electric Phenomena\u2019 on <a href=\"https:\/\/www.facebook.com\/groups\/376355972487572\">Facebook<\/a> is highly appreciated.<\/p>\n\n\n\n<hr class=\"wp-block-separator has-alpha-channel-opacity\"\/>\n\n\n\n<h2 class=\"wp-block-heading\">Contributed by observations<\/h2>\n\n\n\n<p>Sirko Molau and the AllSky7 observers, Quentin Rey, Levi Riggins, Queani Clifford Riley, Panagiotis Tsouras, Radoslav Zboran<\/p>\n\n\n\n<hr class=\"wp-block-separator has-alpha-channel-opacity\"\/>\n\n\n\n<h2 class=\"wp-block-heading\" id=\"contributing-partners\">Contributing partners<\/h2>\n\n\n\n<p class=\"has-text-align-center\"><a href=\"https:\/\/english.tau.ac.il\/\" target=\"_blank\" rel=\"noreferrer noopener\">Tel-Aviv University, Israel<\/a><\/p>\n\n\n<div class=\"wp-block-image\">\n<figure class=\"aligncenter size-full\"><img loading=\"lazy\" decoding=\"async\" width=\"200\" height=\"110\" src=\"https:\/\/uhu.epss.hu\/wp-content\/uploads\/2025\/06\/TAU_Logo_HomePage_Eng.png\" alt=\"\" class=\"wp-image-416\"\/><\/figure><\/div>\n\n\n<hr class=\"wp-block-separator has-alpha-channel-opacity\"\/>\n\n\n\n<p class=\"has-text-align-center\"><a href=\"https:\/\/www.technion.ac.il\/en\/\" target=\"_blank\" rel=\"noreferrer noopener\">Technion &#8211; Israel Institute of Technology, Israel<\/a><\/p>\n\n\n<div class=\"wp-block-image\">\n<figure class=\"aligncenter size-full\"><img loading=\"lazy\" decoding=\"async\" width=\"210\" height=\"95\" src=\"https:\/\/uhu.epss.hu\/wp-content\/uploads\/2025\/06\/TechnionIIT-English.png\" alt=\"\" class=\"wp-image-417\"\/><\/figure><\/div>\n\n\n<hr class=\"wp-block-separator has-alpha-channel-opacity\"\/>\n\n\n\n<p class=\"has-text-align-center\"><a href=\"https:\/\/www.elte.hu\/en\/\" target=\"_blank\" rel=\"noreferrer noopener\">ELTE University, Hungary<\/a><\/p>\n\n\n<div class=\"wp-block-image\">\n<figure class=\"aligncenter size-large is-resized\"><img loading=\"lazy\" decoding=\"async\" width=\"1024\" height=\"189\" src=\"https:\/\/uhu.epss.hu\/wp-content\/uploads\/2025\/06\/elte-logo-hu_transparent-1024x189.png\" alt=\"\" class=\"wp-image-418\" style=\"width:447px;height:auto\" srcset=\"https:\/\/uhu.epss.hu\/wp-content\/uploads\/2025\/06\/elte-logo-hu_transparent-1024x189.png 1024w, https:\/\/uhu.epss.hu\/wp-content\/uploads\/2025\/06\/elte-logo-hu_transparent-300x55.png 300w, https:\/\/uhu.epss.hu\/wp-content\/uploads\/2025\/06\/elte-logo-hu_transparent-768x142.png 768w, https:\/\/uhu.epss.hu\/wp-content\/uploads\/2025\/06\/elte-logo-hu_transparent.png 1468w\" sizes=\"auto, (max-width: 1024px) 100vw, 1024px\" \/><\/figure><\/div>\n\n\n<hr class=\"wp-block-separator has-alpha-channel-opacity\"\/>\n\n\n\n<p class=\"has-text-align-center\"><a href=\"http:\/\/bajaobs.hu\/\" target=\"_blank\" rel=\"noreferrer noopener\">Baja Observatory of the University of Szeged, Hungary<\/a><\/p>\n\n\n<div class=\"wp-block-image\">\n<figure class=\"aligncenter size-full is-resized\"><img loading=\"lazy\" decoding=\"async\" width=\"922\" height=\"760\" src=\"https:\/\/uhu.epss.hu\/wp-content\/uploads\/2025\/06\/bajaobs-logo.png\" alt=\"\" class=\"wp-image-419\" style=\"width:246px;height:auto\" srcset=\"https:\/\/uhu.epss.hu\/wp-content\/uploads\/2025\/06\/bajaobs-logo.png 922w, https:\/\/uhu.epss.hu\/wp-content\/uploads\/2025\/06\/bajaobs-logo-300x247.png 300w, https:\/\/uhu.epss.hu\/wp-content\/uploads\/2025\/06\/bajaobs-logo-768x633.png 768w\" sizes=\"auto, (max-width: 922px) 100vw, 922px\" \/><\/figure><\/div>\n\n\n<hr class=\"wp-block-separator has-alpha-channel-opacity\"\/>\n\n\n\n<p class=\"has-text-align-center\"><a href=\"https:\/\/www.catholic.edu\/\" target=\"_blank\" rel=\"noreferrer noopener\">The Catholic University of America, USA<\/a><\/p>\n\n\n<div class=\"wp-block-image\">\n<figure class=\"aligncenter size-full is-resized\"><img loading=\"lazy\" decoding=\"async\" width=\"951\" height=\"124\" src=\"https:\/\/uhu.epss.hu\/wp-content\/uploads\/2025\/06\/The_Catholic_University_of_America-USA.png\" alt=\"\" class=\"wp-image-434\" style=\"width:631px;height:auto\" srcset=\"https:\/\/uhu.epss.hu\/wp-content\/uploads\/2025\/06\/The_Catholic_University_of_America-USA.png 951w, https:\/\/uhu.epss.hu\/wp-content\/uploads\/2025\/06\/The_Catholic_University_of_America-USA-300x39.png 300w, https:\/\/uhu.epss.hu\/wp-content\/uploads\/2025\/06\/The_Catholic_University_of_America-USA-768x100.png 768w\" sizes=\"auto, (max-width: 951px) 100vw, 951px\" \/><\/figure><\/div>\n\n\n<hr class=\"wp-block-separator has-alpha-channel-opacity\"\/>\n\n\n\n<p class=\"has-text-align-center\"><a href=\"https:\/\/www.nasa.gov\/goddard\/\" target=\"_blank\" rel=\"noreferrer noopener\">NASA Goddard Space Flight Center, USA<\/a><\/p>\n\n\n\n<hr class=\"wp-block-separator has-alpha-channel-opacity\"\/>\n\n\n\n<p class=\"has-text-align-center\"><a href=\"https:\/\/spritacular.org\/\" target=\"_blank\" rel=\"noreferrer noopener\">Spritacular<\/a><\/p>\n\n\n<div class=\"wp-block-image\">\n<figure class=\"aligncenter size-large is-resized\"><img loading=\"lazy\" decoding=\"async\" width=\"1024\" height=\"315\" src=\"https:\/\/uhu.epss.hu\/wp-content\/uploads\/2025\/06\/Spritacular-logo-1024x315.jpg\" alt=\"\" class=\"wp-image-420\" style=\"width:308px;height:auto\" srcset=\"https:\/\/uhu.epss.hu\/wp-content\/uploads\/2025\/06\/Spritacular-logo-1024x315.jpg 1024w, https:\/\/uhu.epss.hu\/wp-content\/uploads\/2025\/06\/Spritacular-logo-300x92.jpg 300w, https:\/\/uhu.epss.hu\/wp-content\/uploads\/2025\/06\/Spritacular-logo-768x236.jpg 768w, https:\/\/uhu.epss.hu\/wp-content\/uploads\/2025\/06\/Spritacular-logo-1536x473.jpg 1536w, https:\/\/uhu.epss.hu\/wp-content\/uploads\/2025\/06\/Spritacular-logo-2048x630.jpg 2048w\" sizes=\"auto, (max-width: 1024px) 100vw, 1024px\" \/><\/figure><\/div>\n\n\n<hr class=\"wp-block-separator has-alpha-channel-opacity\"\/>\n\n\n\n<p class=\"has-text-align-center\"><a href=\"https:\/\/pratt.duke.edu\/\">Duke University, USA<\/a><\/p>\n\n\n<div class=\"wp-block-image\">\n<figure class=\"aligncenter size-full is-resized\"><img loading=\"lazy\" decoding=\"async\" width=\"650\" height=\"83\" src=\"https:\/\/uhu.epss.hu\/wp-content\/uploads\/2025\/06\/Duke_logo.png\" alt=\"\" class=\"wp-image-703\" style=\"width:598px;height:auto\" srcset=\"https:\/\/uhu.epss.hu\/wp-content\/uploads\/2025\/06\/Duke_logo.png 650w, https:\/\/uhu.epss.hu\/wp-content\/uploads\/2025\/06\/Duke_logo-300x38.png 300w\" sizes=\"auto, (max-width: 650px) 100vw, 650px\" \/><\/figure><\/div>\n\n\n<hr class=\"wp-block-separator has-alpha-channel-opacity\"\/>\n\n\n\n<p class=\"has-text-align-center\"><a href=\"https:\/\/www.earthnetworks.com\/\" target=\"_blank\" rel=\"noreferrer noopener\">Earth Networks, USA<\/a><\/p>\n\n\n<div class=\"wp-block-image\">\n<figure class=\"aligncenter size-large is-resized\"><img loading=\"lazy\" decoding=\"async\" width=\"1024\" height=\"224\" src=\"https:\/\/uhu.epss.hu\/wp-content\/uploads\/2025\/06\/EarthNetwork_AEM_CMYK-Logo-Colour_-1024x224.png\" alt=\"\" class=\"wp-image-421\" style=\"width:312px;height:auto\" srcset=\"https:\/\/uhu.epss.hu\/wp-content\/uploads\/2025\/06\/EarthNetwork_AEM_CMYK-Logo-Colour_-1024x224.png 1024w, https:\/\/uhu.epss.hu\/wp-content\/uploads\/2025\/06\/EarthNetwork_AEM_CMYK-Logo-Colour_-300x66.png 300w, https:\/\/uhu.epss.hu\/wp-content\/uploads\/2025\/06\/EarthNetwork_AEM_CMYK-Logo-Colour_-768x168.png 768w, https:\/\/uhu.epss.hu\/wp-content\/uploads\/2025\/06\/EarthNetwork_AEM_CMYK-Logo-Colour_-1536x336.png 1536w, https:\/\/uhu.epss.hu\/wp-content\/uploads\/2025\/06\/EarthNetwork_AEM_CMYK-Logo-Colour_-2048x448.png 2048w\" sizes=\"auto, (max-width: 1024px) 100vw, 1024px\" \/><\/figure><\/div>\n\n\n<hr class=\"wp-block-separator has-alpha-channel-opacity\"\/>\n\n\n\n<p class=\"has-text-align-center\"><a href=\"https:\/\/cee.mit.edu\/parsons-lab\/\" target=\"_blank\" rel=\"noreferrer noopener\">Parsons Laboratory, Department of Civil and Environmental Engineering, Massachusetts Institute of Technology, USA<\/a><\/p>\n\n\n<div class=\"wp-block-image\">\n<figure class=\"aligncenter size-large is-resized\"><img loading=\"lazy\" decoding=\"async\" width=\"1024\" height=\"385\" src=\"https:\/\/uhu.epss.hu\/wp-content\/uploads\/2025\/06\/ParsonsLab_2021-MIT-CEE-Visual-Identity_color-1024x385.png\" alt=\"\" class=\"wp-image-422\" style=\"width:319px;height:auto\" srcset=\"https:\/\/uhu.epss.hu\/wp-content\/uploads\/2025\/06\/ParsonsLab_2021-MIT-CEE-Visual-Identity_color-1024x385.png 1024w, https:\/\/uhu.epss.hu\/wp-content\/uploads\/2025\/06\/ParsonsLab_2021-MIT-CEE-Visual-Identity_color-300x113.png 300w, https:\/\/uhu.epss.hu\/wp-content\/uploads\/2025\/06\/ParsonsLab_2021-MIT-CEE-Visual-Identity_color-768x288.png 768w, https:\/\/uhu.epss.hu\/wp-content\/uploads\/2025\/06\/ParsonsLab_2021-MIT-CEE-Visual-Identity_color-1536x577.png 1536w, https:\/\/uhu.epss.hu\/wp-content\/uploads\/2025\/06\/ParsonsLab_2021-MIT-CEE-Visual-Identity_color.png 1920w\" sizes=\"auto, (max-width: 1024px) 100vw, 1024px\" \/><\/figure><\/div>\n\n\n<hr class=\"wp-block-separator has-alpha-channel-opacity\"\/>\n\n\n\n<p class=\"has-text-align-center\"><a href=\"https:\/\/www.bath.ac.uk\/departments\/department-of-electronic-electrical-engineering\/\" target=\"_blank\" rel=\"noreferrer noopener\">Centre for Space, Atmospheric and Oceanic Science, Department of Electronic and Electrical Engineering, University of Bath, UK<\/a><\/p>\n\n\n<div class=\"wp-block-image\">\n<figure class=\"aligncenter size-full is-resized\"><img loading=\"lazy\" decoding=\"async\" width=\"640\" height=\"233\" src=\"https:\/\/uhu.epss.hu\/wp-content\/uploads\/2025\/06\/Uni-of-Bath-logo-slate.png\" alt=\"\" class=\"wp-image-423\" style=\"width:289px;height:auto\" srcset=\"https:\/\/uhu.epss.hu\/wp-content\/uploads\/2025\/06\/Uni-of-Bath-logo-slate.png 640w, https:\/\/uhu.epss.hu\/wp-content\/uploads\/2025\/06\/Uni-of-Bath-logo-slate-300x109.png 300w\" sizes=\"auto, (max-width: 640px) 100vw, 640px\" \/><\/figure><\/div>\n\n\n<hr class=\"wp-block-separator has-alpha-channel-opacity\"\/>\n\n\n\n<p class=\"has-text-align-center\"><a href=\"https:\/\/www.univ-tlse3.fr\/structures-de-recherche\/laboratoire-d-aerologie\" target=\"_blank\" rel=\"noreferrer noopener\">Laboratory of A\u00e9rologie, Universit\u00e9 de Toulouse (UT3), France<\/a><\/p>\n\n\n<div class=\"wp-block-image\">\n<figure class=\"aligncenter size-full is-resized\"><img loading=\"lazy\" decoding=\"async\" width=\"757\" height=\"172\" src=\"https:\/\/uhu.epss.hu\/wp-content\/uploads\/2025\/06\/UniToulouse_combined_logo.png\" alt=\"\" class=\"wp-image-424\" style=\"width:332px;height:auto\" srcset=\"https:\/\/uhu.epss.hu\/wp-content\/uploads\/2025\/06\/UniToulouse_combined_logo.png 757w, https:\/\/uhu.epss.hu\/wp-content\/uploads\/2025\/06\/UniToulouse_combined_logo-300x68.png 300w\" sizes=\"auto, (max-width: 757px) 100vw, 757px\" \/><\/figure><\/div>\n\n\n<hr class=\"wp-block-separator has-alpha-channel-opacity\"\/>\n\n\n\n<p class=\"has-text-align-center\"><a href=\"https:\/\/www.uec.ac.jp\/eng\/\" target=\"_blank\" rel=\"noreferrer noopener\">The University of Electro-Communications (UEC), Japan<\/a><\/p>\n\n\n<div class=\"wp-block-image\">\n<figure class=\"aligncenter size-full is-resized\"><img loading=\"lazy\" decoding=\"async\" width=\"200\" height=\"200\" src=\"https:\/\/uhu.epss.hu\/wp-content\/uploads\/2025\/06\/UEC_Tokyo.jpg\" alt=\"\" class=\"wp-image-425\" style=\"width:140px;height:auto\" srcset=\"https:\/\/uhu.epss.hu\/wp-content\/uploads\/2025\/06\/UEC_Tokyo.jpg 200w, https:\/\/uhu.epss.hu\/wp-content\/uploads\/2025\/06\/UEC_Tokyo-150x150.jpg 150w\" sizes=\"auto, (max-width: 200px) 100vw, 200px\" \/><\/figure><\/div>\n\n\n<hr class=\"wp-block-separator has-alpha-channel-opacity\"\/>\n\n\n\n<p class=\"has-text-align-center\"><a href=\"https:\/\/elektronika.agh.edu.pl\/\">Institute of Electronics<\/a>, <a href=\"https:\/\/www.agh.edu.pl\/en\" target=\"_blank\" rel=\"noreferrer noopener\">AGH University of Science and Technology, Poland<\/a><\/p>\n\n\n<div class=\"wp-block-image\">\n<figure class=\"aligncenter size-full is-resized\"><img loading=\"lazy\" decoding=\"async\" width=\"438\" height=\"529\" src=\"https:\/\/uhu.epss.hu\/wp-content\/uploads\/2025\/06\/AGH-logo.jpg\" alt=\"\" class=\"wp-image-426\" style=\"width:143px;height:auto\" srcset=\"https:\/\/uhu.epss.hu\/wp-content\/uploads\/2025\/06\/AGH-logo.jpg 438w, https:\/\/uhu.epss.hu\/wp-content\/uploads\/2025\/06\/AGH-logo-248x300.jpg 248w\" sizes=\"auto, (max-width: 438px) 100vw, 438px\" \/><\/figure><\/div>\n\n\n<hr class=\"wp-block-separator has-alpha-channel-opacity\"\/>\n\n\n\n<p class=\"has-text-align-center\"><a href=\"https:\/\/www.igf.edu.pl\/en\/home\/\" target=\"_blank\" rel=\"noreferrer noopener\">Institute of Geophysics, Polish Academy of Sciences, Poland<\/a><\/p>\n\n\n<div class=\"wp-block-image\">\n<figure class=\"aligncenter size-large is-resized\"><img loading=\"lazy\" decoding=\"async\" width=\"1024\" height=\"241\" src=\"https:\/\/uhu.epss.hu\/wp-content\/uploads\/2025\/06\/IGF-EN-colour-1024x241.png\" alt=\"\" class=\"wp-image-427\" style=\"width:409px;height:auto\" srcset=\"https:\/\/uhu.epss.hu\/wp-content\/uploads\/2025\/06\/IGF-EN-colour-1024x241.png 1024w, https:\/\/uhu.epss.hu\/wp-content\/uploads\/2025\/06\/IGF-EN-colour-300x71.png 300w, https:\/\/uhu.epss.hu\/wp-content\/uploads\/2025\/06\/IGF-EN-colour-768x181.png 768w, https:\/\/uhu.epss.hu\/wp-content\/uploads\/2025\/06\/IGF-EN-colour-1536x362.png 1536w, https:\/\/uhu.epss.hu\/wp-content\/uploads\/2025\/06\/IGF-EN-colour-2048x482.png 2048w\" sizes=\"auto, (max-width: 1024px) 100vw, 1024px\" \/><\/figure><\/div>\n\n\n<hr class=\"wp-block-separator has-alpha-channel-opacity\"\/>\n\n\n\n<p class=\"has-text-align-center\"><a href=\"https:\/\/www.atmosfera.unam.mx\/\" target=\"_blank\" rel=\"noreferrer noopener\">Instituto de Ciencias de la Atm\u00f3sfera y Cambio Clim\u00e1tico, Universidad Nacional Aut\u00f3noma de M\u00e9xico, Mexico<\/a><\/p>\n\n\n<div class=\"wp-block-image\">\n<figure class=\"aligncenter size-large is-resized\"><img loading=\"lazy\" decoding=\"async\" width=\"1024\" height=\"238\" src=\"https:\/\/uhu.epss.hu\/wp-content\/uploads\/2025\/06\/UNAM_logo_combined-1024x238.png\" alt=\"\" class=\"wp-image-428\" style=\"width:404px;height:auto\" srcset=\"https:\/\/uhu.epss.hu\/wp-content\/uploads\/2025\/06\/UNAM_logo_combined-1024x238.png 1024w, https:\/\/uhu.epss.hu\/wp-content\/uploads\/2025\/06\/UNAM_logo_combined-300x70.png 300w, https:\/\/uhu.epss.hu\/wp-content\/uploads\/2025\/06\/UNAM_logo_combined-768x179.png 768w, https:\/\/uhu.epss.hu\/wp-content\/uploads\/2025\/06\/UNAM_logo_combined.png 1379w\" sizes=\"auto, (max-width: 1024px) 100vw, 1024px\" \/><\/figure><\/div>\n\n\n<hr class=\"wp-block-separator has-alpha-channel-opacity\"\/>\n\n\n\n<p class=\"has-text-align-center\">State Key Laboratory of Atmospheric Environment and Extreme Meteorology<\/p>\n\n\n\n<p class=\"has-text-align-center\"><a href=\"http:\/\/english.iap.cas.cn\/\">Institute of Atmospheric Physics, Chinese Academy of Sciences<\/a><\/p>\n\n\n\n<div class=\"wp-block-group is-content-justification-center is-nowrap is-layout-flex wp-container-core-group-is-layout-1 wp-block-group-is-layout-flex\">\n<figure class=\"wp-block-image size-large is-resized\"><img loading=\"lazy\" decoding=\"async\" width=\"1024\" height=\"1024\" src=\"https:\/\/uhu.epss.hu\/wp-content\/uploads\/2025\/06\/SKLAEEM_IAP_China_Laboratory-logo-1024x1024.png\" alt=\"\" class=\"wp-image-724\" style=\"width:239px;height:auto\" srcset=\"https:\/\/uhu.epss.hu\/wp-content\/uploads\/2025\/06\/SKLAEEM_IAP_China_Laboratory-logo-1024x1024.png 1024w, https:\/\/uhu.epss.hu\/wp-content\/uploads\/2025\/06\/SKLAEEM_IAP_China_Laboratory-logo-300x300.png 300w, https:\/\/uhu.epss.hu\/wp-content\/uploads\/2025\/06\/SKLAEEM_IAP_China_Laboratory-logo-150x150.png 150w, https:\/\/uhu.epss.hu\/wp-content\/uploads\/2025\/06\/SKLAEEM_IAP_China_Laboratory-logo-768x768.png 768w, https:\/\/uhu.epss.hu\/wp-content\/uploads\/2025\/06\/SKLAEEM_IAP_China_Laboratory-logo-1536x1536.png 1536w, https:\/\/uhu.epss.hu\/wp-content\/uploads\/2025\/06\/SKLAEEM_IAP_China_Laboratory-logo-2048x2048.png 2048w\" sizes=\"auto, (max-width: 1024px) 100vw, 1024px\" \/><\/figure>\n\n\n\n<figure class=\"wp-block-image size-large is-resized\"><img loading=\"lazy\" decoding=\"async\" width=\"1024\" height=\"1024\" src=\"https:\/\/uhu.epss.hu\/wp-content\/uploads\/2025\/06\/IAP_China_Institution-Logo-1024x1024.png\" alt=\"\" class=\"wp-image-725\" style=\"width:229px;height:auto\" srcset=\"https:\/\/uhu.epss.hu\/wp-content\/uploads\/2025\/06\/IAP_China_Institution-Logo-1024x1024.png 1024w, https:\/\/uhu.epss.hu\/wp-content\/uploads\/2025\/06\/IAP_China_Institution-Logo-300x300.png 300w, https:\/\/uhu.epss.hu\/wp-content\/uploads\/2025\/06\/IAP_China_Institution-Logo-150x150.png 150w, https:\/\/uhu.epss.hu\/wp-content\/uploads\/2025\/06\/IAP_China_Institution-Logo-768x768.png 768w, https:\/\/uhu.epss.hu\/wp-content\/uploads\/2025\/06\/IAP_China_Institution-Logo-1536x1536.png 1536w, https:\/\/uhu.epss.hu\/wp-content\/uploads\/2025\/06\/IAP_China_Institution-Logo-2048x2048.png 2048w\" sizes=\"auto, (max-width: 1024px) 100vw, 1024px\" \/><\/figure>\n<\/div>\n\n\n\n<hr class=\"wp-block-separator has-alpha-channel-opacity\"\/>\n\n\n\n<p class=\"has-text-align-center\"><a href=\"https:\/\/tripurauniv.ac.in\/site\/index.php\/en\/physics-home-en\">Department of Physics, Tripura University India<\/a><\/p>\n\n\n<div class=\"wp-block-image\">\n<figure class=\"aligncenter size-full is-resized\"><img loading=\"lazy\" decoding=\"async\" width=\"416\" height=\"415\" src=\"https:\/\/uhu.epss.hu\/wp-content\/uploads\/2025\/07\/TripuraUniversity_TU_Logo.jpeg\" alt=\"\" class=\"wp-image-789\" style=\"width:232px;height:auto\" srcset=\"https:\/\/uhu.epss.hu\/wp-content\/uploads\/2025\/07\/TripuraUniversity_TU_Logo.jpeg 416w, https:\/\/uhu.epss.hu\/wp-content\/uploads\/2025\/07\/TripuraUniversity_TU_Logo-300x300.jpeg 300w, https:\/\/uhu.epss.hu\/wp-content\/uploads\/2025\/07\/TripuraUniversity_TU_Logo-150x150.jpeg 150w\" sizes=\"auto, (max-width: 416px) 100vw, 416px\" \/><\/figure><\/div>\n\n\n<hr class=\"wp-block-separator has-alpha-channel-opacity\"\/>\n\n\n\n<p class=\"has-text-align-center\"><a href=\"https:\/\/www.upc.edu\/en\" target=\"_blank\" rel=\"noreferrer noopener\">Universitat Politecnica de Catalunya \u00b7 BarcelonaTech, Spain<\/a><\/p>\n\n\n<div class=\"wp-block-image\">\n<figure class=\"aligncenter size-full is-resized\"><img loading=\"lazy\" decoding=\"async\" width=\"953\" height=\"274\" src=\"https:\/\/uhu.epss.hu\/wp-content\/uploads\/2025\/06\/UPC_LRG_ELMA.png\" alt=\"\" class=\"wp-image-429\" style=\"width:511px;height:auto\" srcset=\"https:\/\/uhu.epss.hu\/wp-content\/uploads\/2025\/06\/UPC_LRG_ELMA.png 953w, https:\/\/uhu.epss.hu\/wp-content\/uploads\/2025\/06\/UPC_LRG_ELMA-300x86.png 300w, https:\/\/uhu.epss.hu\/wp-content\/uploads\/2025\/06\/UPC_LRG_ELMA-768x221.png 768w\" sizes=\"auto, (max-width: 953px) 100vw, 953px\" \/><\/figure><\/div>\n\n\n<hr class=\"wp-block-separator has-alpha-channel-opacity\"\/>\n\n\n\n<p class=\"has-text-align-center\"><a href=\"https:\/\/www.gov.br\/inpe\/pt-br\" target=\"_blank\" rel=\"noreferrer noopener\">National Institute for Space Research &#8211; INPE, Brazil<\/a><\/p>\n\n\n<div class=\"wp-block-image\">\n<figure class=\"aligncenter size-full is-resized\"><img loading=\"lazy\" decoding=\"async\" width=\"150\" height=\"100\" src=\"https:\/\/uhu.epss.hu\/wp-content\/uploads\/2025\/06\/INPE_logo.jpg\" alt=\"\" class=\"wp-image-430\" style=\"width:198px;height:auto\"\/><\/figure><\/div>\n\n\n<hr class=\"wp-block-separator has-alpha-channel-opacity\"\/>\n\n\n\n<p class=\"has-text-align-center\"><a href=\"https:\/\/www.uprm.edu\/portada\/\" target=\"_blank\" rel=\"noreferrer noopener\">University of Puerto Rico at Mayaguez, Puerto Rico<\/a><\/p>\n\n\n<div class=\"wp-block-image\">\n<figure class=\"aligncenter size-full is-resized\"><img loading=\"lazy\" decoding=\"async\" width=\"183\" height=\"184\" src=\"https:\/\/uhu.epss.hu\/wp-content\/uploads\/2025\/06\/UPRM.png\" alt=\"\" class=\"wp-image-431\" style=\"width:198px;height:auto\" srcset=\"https:\/\/uhu.epss.hu\/wp-content\/uploads\/2025\/06\/UPRM.png 183w, https:\/\/uhu.epss.hu\/wp-content\/uploads\/2025\/06\/UPRM-150x150.png 150w\" sizes=\"auto, (max-width: 183px) 100vw, 183px\" \/><\/figure><\/div>\n\n\n<hr class=\"wp-block-separator has-alpha-channel-opacity\"\/>\n\n\n\n<p class=\"has-text-align-center\"><a href=\"https:\/\/www.space.dtu.dk\/english\/\" target=\"_blank\" rel=\"noreferrer noopener\">DTU SPACE National Space Institute, Denmark<\/a><\/p>\n\n\n<div class=\"wp-block-image\">\n<figure class=\"aligncenter size-full is-resized\"><img loading=\"lazy\" decoding=\"async\" width=\"298\" height=\"434\" src=\"https:\/\/uhu.epss.hu\/wp-content\/uploads\/2025\/06\/Logo_DTU.png\" alt=\"\" class=\"wp-image-432\" style=\"width:148px;height:auto\" srcset=\"https:\/\/uhu.epss.hu\/wp-content\/uploads\/2025\/06\/Logo_DTU.png 298w, https:\/\/uhu.epss.hu\/wp-content\/uploads\/2025\/06\/Logo_DTU-206x300.png 206w\" sizes=\"auto, (max-width: 298px) 100vw, 298px\" \/><\/figure><\/div>","protected":false},"excerpt":{"rendered":"<p>Project partners Distinguished partners HUNOR \u2013 the Hungarian Astronaut Program The UHU project is implemented within the framework of the HUNOR programme. Reichman University, Israel Rakia mission, Israel Individual contributors Lang \u00c1gota, T\u00fccs\u00f6k Dorottya, Szab\u00f3 Csongor, Junaid Atta Valter Binotto, Christos Doudoulakis, Nicolas Escurat, Petr Hor\u00e1lek, Jacci Ingham, Nature by JJ, Frankie Lucena, George Paraskevaides, [&hellip;]<\/p>\n","protected":false},"author":1,"featured_media":0,"parent":0,"menu_order":0,"comment_status":"closed","ping_status":"closed","template":"","meta":{"_acf_changed":false,"footnotes":""},"class_list":["post-179","page","type-page","status-publish","hentry"],"acf":[],"_links":{"self":[{"href":"https:\/\/uhu.epss.hu\/en\/wp-json\/wp\/v2\/pages\/179","targetHints":{"allow":["GET"]}}],"collection":[{"href":"https:\/\/uhu.epss.hu\/en\/wp-json\/wp\/v2\/pages"}],"about":[{"href":"https:\/\/uhu.epss.hu\/en\/wp-json\/wp\/v2\/types\/page"}],"author":[{"embeddable":true,"href":"https:\/\/uhu.epss.hu\/en\/wp-json\/wp\/v2\/users\/1"}],"replies":[{"embeddable":true,"href":"https:\/\/uhu.epss.hu\/en\/wp-json\/wp\/v2\/comments?post=179"}],"version-history":[{"count":53,"href":"https:\/\/uhu.epss.hu\/en\/wp-json\/wp\/v2\/pages\/179\/revisions"}],"predecessor-version":[{"id":795,"href":"https:\/\/uhu.epss.hu\/en\/wp-json\/wp\/v2\/pages\/179\/revisions\/795"}],"wp:attachment":[{"href":"https:\/\/uhu.epss.hu\/en\/wp-json\/wp\/v2\/media?parent=179"}],"curies":[{"name":"wp","href":"https:\/\/api.w.org\/{rel}","templated":true}]}}